{"id":263,"date":"2023-07-31T15:59:58","date_gmt":"2023-07-31T15:59:58","guid":{"rendered":"https:\/\/lysyibeams.pl\/?page_id=263"},"modified":"2024-05-14T09:32:47","modified_gmt":"2024-05-14T07:32:47","slug":"dokumentacja-i-transport","status":"publish","type":"page","link":"https:\/\/lysyibeams.pl\/index.php\/dokumentacja-i-transport\/","title":{"rendered":"Nasz produkt"},"content":{"rendered":"\t\t<div data-elementor-type=\"wp-page\" data-elementor-id=\"263\" class=\"elementor elementor-263\" data-elementor-post-type=\"page\">\n\t\t\t\t<div class=\"elementor-element elementor-element-5e090a5 e-flex e-con-boxed e-con e-parent\" data-id=\"5e090a5\" data-element_type=\"container\">\n\t\t\t\t\t<div class=\"e-con-inner\">\n\t\t\t\t<div class=\"elementor-element elementor-element-182304a elementor-widget__width-initial elementor-widget elementor-widget-video\" data-id=\"182304a\" data-element_type=\"widget\" data-settings=\"{&quot;video_type&quot;:&quot;hosted&quot;,&quot;autoplay&quot;:&quot;yes&quot;,&quot;play_on_mobile&quot;:&quot;yes&quot;,&quot;mute&quot;:&quot;yes&quot;,&quot;loop&quot;:&quot;yes&quot;}\" data-widget_type=\"video.default\">\n\t\t\t\t<div class=\"elementor-widget-container\">\n\t\t\t<style>\/*! elementor - v3.21.0 - 30-04-2024 *\/\n.elementor-widget-video .elementor-widget-container{overflow:hidden;transform:translateZ(0)}.elementor-widget-video .elementor-wrapper{aspect-ratio:var(--video-aspect-ratio)}.elementor-widget-video .elementor-wrapper iframe,.elementor-widget-video .elementor-wrapper video{height:100%;width:100%;display:flex;border:none;background-color:#000}@supports not (aspect-ratio:1\/1){.elementor-widget-video .elementor-wrapper{position:relative;overflow:hidden;height:0;padding-bottom:calc(100% \/ var(--video-aspect-ratio))}.elementor-widget-video .elementor-wrapper iframe,.elementor-widget-video .elementor-wrapper video{position:absolute;top:0;right:0;bottom:0;left:0}}.elementor-widget-video .elementor-open-inline .elementor-custom-embed-image-overlay{position:absolute;top:0;right:0;bottom:0;left:0;background-size:cover;background-position:50%}.elementor-widget-video .elementor-custom-embed-image-overlay{cursor:pointer;text-align:center}.elementor-widget-video .elementor-custom-embed-image-overlay:hover .elementor-custom-embed-play i{opacity:1}.elementor-widget-video .elementor-custom-embed-image-overlay img{display:block;width:100%;aspect-ratio:var(--video-aspect-ratio);-o-object-fit:cover;object-fit:cover;-o-object-position:center center;object-position:center center}@supports not (aspect-ratio:1\/1){.elementor-widget-video .elementor-custom-embed-image-overlay{position:relative;overflow:hidden;height:0;padding-bottom:calc(100% \/ var(--video-aspect-ratio))}.elementor-widget-video .elementor-custom-embed-image-overlay img{position:absolute;top:0;right:0;bottom:0;left:0}}.elementor-widget-video .e-hosted-video .elementor-video{-o-object-fit:cover;object-fit:cover}.e-con-inner>.elementor-widget-video,.e-con>.elementor-widget-video{width:var(--container-widget-width);--flex-grow:var(--container-widget-flex-grow)}<\/style>\t\t<div class=\"e-hosted-video elementor-wrapper elementor-open-inline\">\n\t\t\t\t\t<video class=\"elementor-video\" src=\"https:\/\/lysyibeams.pl\/wp-content\/uploads\/2024\/04\/Untitled_low.mp4\" autoplay=\"\" loop=\"\" muted=\"muted\" playsinline=\"\" controlsList=\"nodownload\"><\/video>\n\t\t\t\t<\/div>\n\t\t\t\t<\/div>\n\t\t\t\t<\/div>\n\t\t\t\t<div class=\"elementor-element elementor-element-94bf5b5 elementor-widget elementor-widget-text-editor\" data-id=\"94bf5b5\" data-element_type=\"widget\" data-widget_type=\"text-editor.default\">\n\t\t\t\t<div class=\"elementor-widget-container\">\n\t\t\t<style>\/*! elementor - v3.21.0 - 30-04-2024 *\/\n.elementor-widget-text-editor.elementor-drop-cap-view-stacked .elementor-drop-cap{background-color:#69727d;color:#fff}.elementor-widget-text-editor.elementor-drop-cap-view-framed .elementor-drop-cap{color:#69727d;border:3px solid;background-color:transparent}.elementor-widget-text-editor:not(.elementor-drop-cap-view-default) .elementor-drop-cap{margin-top:8px}.elementor-widget-text-editor:not(.elementor-drop-cap-view-default) .elementor-drop-cap-letter{width:1em;height:1em}.elementor-widget-text-editor .elementor-drop-cap{float:left;text-align:center;line-height:1;font-size:50px}.elementor-widget-text-editor .elementor-drop-cap-letter{display:inline-block}<\/style>\t\t\t\t<h1 style=\"line-height: 120%;\">Drewniane belki dwuteowe<\/h1>\n<h4>Zalety stosowania drewnianych dwuteownik\u00f3w w budownictwie<\/h4>\n<p>Drewniane belki dwuteowe, zwane r\u00f3wnie\u017c<strong> belkami dwuteowymi lub dwuteownikami<\/strong>, staj\u0105 si\u0119 coraz bardziej popularnym wyborem w budownictwie ze wzgl\u0119du na ich <strong>wytrzyma\u0142o\u015b\u0107 i trwa\u0142o\u015b\u0107<\/strong>. Belki te zaprojektowano tak, aby zapewnia\u0142y doskona\u0142\u0105 no\u015bno\u015b\u0107 w por\u00f3wnaniu z tradycyjnym drewnem wymiarowym. Dodatkowo, zapewniaj\u0105 jednolite i stabilne podparcie w przeciwie\u0144stwie do ich wymiarowych odpowiednik\u00f3w z drewna, kt\u00f3re z beigiem czasu maj\u0105 tendencj\u0119 do kurczenia si\u0119 i skr\u0119cania.<\/p>\n<p><span style=\"background-color: var(--ast-global-color-5); font-style: inherit; font-weight: inherit; text-align: var(--text-align);\">Unikalny <strong>kszta\u0142t belek<\/strong> <strong>dwuteowych zapewnia im wi\u0119ksz\u0105 wytrzyma\u0142o\u015b\u0107 i stabilno\u015b\u0107<\/strong>, co czyni je idealnym wyborem do stosowania w wymagaj\u0105cych zastosowaniach budowlanych. Ponadto belki dwuteowe mog\u0105 przenosi\u0107 zar\u00f3wno si\u0142y pionowe, takie jak s\u0142upki \u015bcienne w \u015bcianach szkieletowych, jak i si\u0142y w p\u0142aszczy\u017anie poziomej.<\/span><\/p>\n<h4 style=\"font-style: normal;\"><span style=\"background-color: var(--ast-global-color-5); font-style: inherit; font-weight: inherit; text-align: var(--text-align);\">Ekologiczne podej\u015bcie<\/span><span style=\"background-color: var(--ast-global-color-5); font-style: inherit; font-weight: inherit; text-align: var(--text-align); font-size: 16px; color: #000000;\">&nbsp;<\/span><\/h4>\n<p>Opr\u00f3cz swojej wytrzyma\u0142o\u015bci i trwa\u0142o\u015bci, drewniane belki dwuteowe maj\u0105 <strong>szereg zalet \u015brodowiskowych,<\/strong> kt\u00f3re czyni\u0105 je zr\u00f3wnowa\u017conym wyborem w budownictwie. <span style=\"text-decoration: underline;\"><strong>Dwuteowniki s\u0105 l\u017cejsze od litego drewna, co u\u0142atwia ich obs\u0142ug\u0119 i transport<\/strong><\/span>. Co wi\u0119cej, belki dwuteowe mog\u0105 by\u0107 wykonane z drewna pozyskiwanego w spos\u00f3b zr\u00f3wnowa\u017cony, co pomaga zmniejszy\u0107 wp\u0142yw konstrukcji na \u015brodowisko. Duz\u0105 zalet\u0105 jest ich <span style=\"text-decoration: underline;\"><strong>energooszcz\u0119dno\u015b\u0107 <\/strong><\/span><strong>&#8211;<\/strong> du\u017ce rozpi\u0119to\u015bci&nbsp;<span style=\"background-color: var(--ast-global-color-5); font-style: inherit; font-weight: inherit; text-align: var(--text-align);\">pozwalaj\u0105 na lepsz\u0105 izolacj\u0119 pod\u0142\u00f3g i przestrzeni dachowych, pomagaj\u0105c obni\u017cy\u0107 koszty energii.&nbsp;<\/span><span style=\"font-style: inherit; text-align: var(--text-align); background-color: var(--ast-global-color-5);\">Te cechy sprawiaj\u0105, \u017ce belki dwuteowe s\u0105 <strong>idealnym wyborem dla budowniczych, kt\u00f3rzy chc\u0105 budowa\u0107 konstrukcje przyjazne dla \u015brodowiska&nbsp;<\/strong><\/span><strong><span style=\"font-style: inherit; background-color: var(--ast-global-color-5);\">i energooszcz\u0119dne.&nbsp;<\/span><\/strong><span style=\"font-style: inherit; font-weight: inherit; background-color: var(--ast-global-color-5);\">Drewniane belki dwuteowe s\u0105 r\u00f3wnie\u017c <\/span><strong style=\"font-style: inherit; background-color: var(--ast-global-color-5);\"><span style=\"text-decoration-line: underline;\">op\u0142acalne i \u0142atwe w monta\u017cu<\/span><\/strong><span style=\"font-style: inherit; font-weight: inherit; background-color: var(--ast-global-color-5); text-decoration-line: underline;\">.<\/span><span style=\"font-style: inherit; font-weight: inherit; background-color: var(--ast-global-color-5);\"> Mo\u017cna je prefabrykowa\u0107 poza placem budowy, co skraca czas budowy i koszty robocizny.<\/span><\/p>\n<h4 style=\"font-style: normal;\"><span style=\"background-color: var(--ast-global-color-5); font-style: inherit; font-weight: inherit; text-align: var(--text-align);\">Cechy charakterystyczne drewnianych belek dwuteowych<\/span><\/h4>\n<ol>\n<li>\n<p><strong>Konstrukcja<\/strong>: Belki dwuteowe sk\u0142adaj\u0105 si\u0119 z dw\u00f3ch belek drewnianych tzw.stopek. o szeroko\u015bci 45 lub 70 mm i wysoko\u015bci 45 mm.&nbsp;<span style=\"font-style: inherit; font-weight: inherit; background-color: var(--ast-global-color-5);\">&nbsp;Po\u0142\u0105czone s\u0105 za pomoc\u0105 trzonu wykonanego z p\u0142yty OSB 3 o grubo\u015bci 10 mm, tworz\u0105c kszta\u0142t litery &#8222;I&#8221; lub &#8222;H&#8221;.&nbsp;<\/span><\/p>\n<\/li>\n<li>\n<p><strong>Materia\u0142y<\/strong>: Beleki dwuteowe s\u0105 wykonane z najwy\u017cszej jako\u015bci certyfikowanego drewna szwedzkiego C24 oraz wodoodpornych p\u0142yt OSB 3.<\/p>\n<\/li>\n<li>\n<p><strong>Zastosowanie<\/strong>: Beleki dwuteowe s\u0105 wykorzystywane w r\u00f3\u017cnych typach konstrukcji, w tym wi\u0119\u017abach i ramach dachowych, stropowych, \u015bciennych czy pod\u0142ogowych. S\u0105 stosowane zar\u00f3wno w budownictwie mieszkaniowym, jak i przemys\u0142owym.<\/p>\n<\/li>\n<li>\n<p><strong>Zalety<\/strong>:<\/p>\n<ul>\n<li>\n<p>Wysoka wytrzyma\u0142o\u015b\u0107: Konstrukcja dwuteowa zapewnia du\u017c\u0105 no\u015bno\u015b\u0107 przy stosunkowo niskiej masie, co pozwala na budow\u0119 lekkich, ale wytrzyma\u0142ych konstrukcji.<\/p>\n<\/li>\n<li>\n<p>Elastyczno\u015b\u0107 projektowania: Dzi\u0119ki g\u0142\u0119bokiej palecie oferowanych przez nas szeroko\u015bci i d\u0142ugo\u015bci element\u00f3w, istnieje mo\u017cliwo\u015b\u0107&nbsp; dopasowania do konkretnych potrzeb projektu.<\/p>\n<\/li>\n<li>\n<p><span style=\"font-style: inherit; font-weight: inherit; background-color: var(--ast-global-color-5);\">\u0141atwo\u015b\u0107 monta\u017cu: Beleki dwuteowe s\u0105 stosunkowo proste w monta\u017cu, co przyspiesza proces budowy i obni\u017ca koszty robocizny.<\/span><\/p>\n<\/li>\n<\/ul>\n<\/li>\n<\/ol>\t\t\t\t\t\t<\/div>\n\t\t\t\t<\/div>\n\t\t\t\t<div class=\"elementor-element elementor-element-96d106e elementor-widget elementor-widget-image\" data-id=\"96d106e\" data-element_type=\"widget\" data-widget_type=\"image.default\">\n\t\t\t\t<div class=\"elementor-widget-container\">\n\t\t\t<style>\/*! elementor - v3.21.0 - 30-04-2024 *\/\n.elementor-widget-image{text-align:center}.elementor-widget-image a{display:inline-block}.elementor-widget-image a img[src$=\".svg\"]{width:48px}.elementor-widget-image img{vertical-align:middle;display:inline-block}<\/style>\t\t\t\t\t\t\t\t\t\t<img fetchpriority=\"high\" decoding=\"async\" width=\"1024\" height=\"768\" src=\"https:\/\/lysyibeams.pl\/wp-content\/uploads\/2024\/04\/1-1024x768.jpg\" class=\"attachment-large size-large wp-image-401\" alt=\"\" srcset=\"https:\/\/lysyibeams.pl\/wp-content\/uploads\/2024\/04\/1-1024x768.jpg 1024w, https:\/\/lysyibeams.pl\/wp-content\/uploads\/2024\/04\/1-300x225.jpg 300w, https:\/\/lysyibeams.pl\/wp-content\/uploads\/2024\/04\/1-768x576.jpg 768w, https:\/\/lysyibeams.pl\/wp-content\/uploads\/2024\/04\/1-1536x1152.jpg 1536w, https:\/\/lysyibeams.pl\/wp-content\/uploads\/2024\/04\/1.jpg 2048w\" sizes=\"(max-width: 1024px) 100vw, 1024px\" \/>\t\t\t\t\t\t\t\t\t\t\t\t\t<\/div>\n\t\t\t\t<\/div>\n\t\t\t\t<div class=\"elementor-element elementor-element-226c13e elementor-widget elementor-widget-heading\" data-id=\"226c13e\" data-element_type=\"widget\" data-widget_type=\"heading.default\">\n\t\t\t\t<div class=\"elementor-widget-container\">\n\t\t\t<style>\/*! elementor - v3.21.0 - 30-04-2024 *\/\n.elementor-heading-title{padding:0;margin:0;line-height:1}.elementor-widget-heading .elementor-heading-title[class*=elementor-size-]>a{color:inherit;font-size:inherit;line-height:inherit}.elementor-widget-heading .elementor-heading-title.elementor-size-small{font-size:15px}.elementor-widget-heading .elementor-heading-title.elementor-size-medium{font-size:19px}.elementor-widget-heading .elementor-heading-title.elementor-size-large{font-size:29px}.elementor-widget-heading .elementor-heading-title.elementor-size-xl{font-size:39px}.elementor-widget-heading .elementor-heading-title.elementor-size-xxl{font-size:59px}<\/style><h2 class=\"elementor-heading-title elementor-size-default\">Nasz produkt przygotowany do transportu i monta\u017cu<\/h2>\t\t<\/div>\n\t\t\t\t<\/div>\n\t\t\t\t<div class=\"elementor-element elementor-element-a81948e elementor-widget elementor-widget-image\" data-id=\"a81948e\" data-element_type=\"widget\" data-widget_type=\"image.default\">\n\t\t\t\t<div class=\"elementor-widget-container\">\n\t\t\t\t\t\t\t\t\t\t\t\t\t<img decoding=\"async\" width=\"1519\" height=\"2560\" src=\"https:\/\/lysyibeams.pl\/wp-content\/uploads\/2024\/05\/rysunek-1-scaled.jpg\" class=\"attachment-full size-full wp-image-1026\" alt=\"\" srcset=\"https:\/\/lysyibeams.pl\/wp-content\/uploads\/2024\/05\/rysunek-1-scaled.jpg 1519w, https:\/\/lysyibeams.pl\/wp-content\/uploads\/2024\/05\/rysunek-1-178x300.jpg 178w, https:\/\/lysyibeams.pl\/wp-content\/uploads\/2024\/05\/rysunek-1-608x1024.jpg 608w, https:\/\/lysyibeams.pl\/wp-content\/uploads\/2024\/05\/rysunek-1-768x1294.jpg 768w, https:\/\/lysyibeams.pl\/wp-content\/uploads\/2024\/05\/rysunek-1-912x1536.jpg 912w, https:\/\/lysyibeams.pl\/wp-content\/uploads\/2024\/05\/rysunek-1-1216x2048.jpg 1216w\" sizes=\"(max-width: 1519px) 100vw, 1519px\" \/>\t\t\t\t\t\t\t\t\t\t\t\t\t<\/div>\n\t\t\t\t<\/div>\n\t\t\t\t\t<\/div>\n\t\t\t\t<\/div>\n\t\t<div class=\"elementor-element elementor-element-32b9ef4 e-flex e-con-boxed e-con e-parent\" data-id=\"32b9ef4\" data-element_type=\"container\">\n\t\t\t\t\t<div class=\"e-con-inner\">\n\t\t<div class=\"elementor-element elementor-element-34c57b1 e-con-full e-flex e-con e-child\" data-id=\"34c57b1\" data-element_type=\"container\">\n\t\t\t\t<div class=\"elementor-element elementor-element-52876ce elementor-widget elementor-widget-image\" data-id=\"52876ce\" data-element_type=\"widget\" data-widget_type=\"image.default\">\n\t\t\t\t<div class=\"elementor-widget-container\">\n\t\t\t\t\t\t\t\t\t\t\t\t\t<img decoding=\"async\" width=\"977\" height=\"1405\" src=\"https:\/\/lysyibeams.pl\/wp-content\/uploads\/2023\/07\/CERTYFIKAT-1.jpg\" class=\"attachment-full size-full wp-image-269\" alt=\"\" srcset=\"https:\/\/lysyibeams.pl\/wp-content\/uploads\/2023\/07\/CERTYFIKAT-1.jpg 977w, https:\/\/lysyibeams.pl\/wp-content\/uploads\/2023\/07\/CERTYFIKAT-1-209x300.jpg 209w, https:\/\/lysyibeams.pl\/wp-content\/uploads\/2023\/07\/CERTYFIKAT-1-712x1024.jpg 712w, https:\/\/lysyibeams.pl\/wp-content\/uploads\/2023\/07\/CERTYFIKAT-1-768x1104.jpg 768w\" sizes=\"(max-width: 977px) 100vw, 977px\" \/>\t\t\t\t\t\t\t\t\t\t\t\t\t<\/div>\n\t\t\t\t<\/div>\n\t\t\t\t<\/div>\n\t\t<div class=\"elementor-element elementor-element-d36f3ba e-con-full e-flex e-con e-child\" data-id=\"d36f3ba\" data-element_type=\"container\">\n\t\t\t\t<div class=\"elementor-element elementor-element-91547b4 elementor-widget elementor-widget-image\" data-id=\"91547b4\" data-element_type=\"widget\" data-widget_type=\"image.default\">\n\t\t\t\t<div class=\"elementor-widget-container\">\n\t\t\t\t\t\t\t\t\t\t\t\t\t<img loading=\"lazy\" decoding=\"async\" width=\"1810\" height=\"2560\" src=\"https:\/\/lysyibeams.pl\/wp-content\/uploads\/2023\/07\/ETA_220521-2-1-1-scaled.jpg\" class=\"attachment-full size-full wp-image-268\" alt=\"\" srcset=\"https:\/\/lysyibeams.pl\/wp-content\/uploads\/2023\/07\/ETA_220521-2-1-1-scaled.jpg 1810w, https:\/\/lysyibeams.pl\/wp-content\/uploads\/2023\/07\/ETA_220521-2-1-1-212x300.jpg 212w, https:\/\/lysyibeams.pl\/wp-content\/uploads\/2023\/07\/ETA_220521-2-1-1-724x1024.jpg 724w, https:\/\/lysyibeams.pl\/wp-content\/uploads\/2023\/07\/ETA_220521-2-1-1-768x1086.jpg 768w, https:\/\/lysyibeams.pl\/wp-content\/uploads\/2023\/07\/ETA_220521-2-1-1-1086x1536.jpg 1086w, https:\/\/lysyibeams.pl\/wp-content\/uploads\/2023\/07\/ETA_220521-2-1-1-1448x2048.jpg 1448w\" sizes=\"(max-width: 1810px) 100vw, 1810px\" \/>\t\t\t\t\t\t\t\t\t\t\t\t\t<\/div>\n\t\t\t\t<\/div>\n\t\t\t\t<\/div>\n\t\t\t\t\t<\/div>\n\t\t\t\t<\/div>\n\t\t<div class=\"elementor-element elementor-element-e4a163e e-flex e-con-boxed e-con e-parent\" data-id=\"e4a163e\" data-element_type=\"container\">\n\t\t\t\t\t<div class=\"e-con-inner\">\n\t\t\t\t<div class=\"elementor-element elementor-element-4dbb950 elementor-shape-circle e-grid-align-mobile-center elementor-grid-0 e-grid-align-center elementor-widget elementor-widget-social-icons\" data-id=\"4dbb950\" data-element_type=\"widget\" data-widget_type=\"social-icons.default\">\n\t\t\t\t<div class=\"elementor-widget-container\">\n\t\t\t<style>\/*! elementor - v3.21.0 - 30-04-2024 *\/\n.elementor-widget-social-icons.elementor-grid-0 .elementor-widget-container,.elementor-widget-social-icons.elementor-grid-mobile-0 .elementor-widget-container,.elementor-widget-social-icons.elementor-grid-tablet-0 .elementor-widget-container{line-height:1;font-size:0}.elementor-widget-social-icons:not(.elementor-grid-0):not(.elementor-grid-tablet-0):not(.elementor-grid-mobile-0) .elementor-grid{display:inline-grid}.elementor-widget-social-icons .elementor-grid{grid-column-gap:var(--grid-column-gap,5px);grid-row-gap:var(--grid-row-gap,5px);grid-template-columns:var(--grid-template-columns);justify-content:var(--justify-content,center);justify-items:var(--justify-content,center)}.elementor-icon.elementor-social-icon{font-size:var(--icon-size,25px);line-height:var(--icon-size,25px);width:calc(var(--icon-size, 25px) + 2 * var(--icon-padding, .5em));height:calc(var(--icon-size, 25px) + 2 * var(--icon-padding, .5em))}.elementor-social-icon{--e-social-icon-icon-color:#fff;display:inline-flex;background-color:#69727d;align-items:center;justify-content:center;text-align:center;cursor:pointer}.elementor-social-icon i{color:var(--e-social-icon-icon-color)}.elementor-social-icon svg{fill:var(--e-social-icon-icon-color)}.elementor-social-icon:last-child{margin:0}.elementor-social-icon:hover{opacity:.9;color:#fff}.elementor-social-icon-android{background-color:#a4c639}.elementor-social-icon-apple{background-color:#999}.elementor-social-icon-behance{background-color:#1769ff}.elementor-social-icon-bitbucket{background-color:#205081}.elementor-social-icon-codepen{background-color:#000}.elementor-social-icon-delicious{background-color:#39f}.elementor-social-icon-deviantart{background-color:#05cc47}.elementor-social-icon-digg{background-color:#005be2}.elementor-social-icon-dribbble{background-color:#ea4c89}.elementor-social-icon-elementor{background-color:#d30c5c}.elementor-social-icon-envelope{background-color:#ea4335}.elementor-social-icon-facebook,.elementor-social-icon-facebook-f{background-color:#3b5998}.elementor-social-icon-flickr{background-color:#0063dc}.elementor-social-icon-foursquare{background-color:#2d5be3}.elementor-social-icon-free-code-camp,.elementor-social-icon-freecodecamp{background-color:#006400}.elementor-social-icon-github{background-color:#333}.elementor-social-icon-gitlab{background-color:#e24329}.elementor-social-icon-globe{background-color:#69727d}.elementor-social-icon-google-plus,.elementor-social-icon-google-plus-g{background-color:#dd4b39}.elementor-social-icon-houzz{background-color:#7ac142}.elementor-social-icon-instagram{background-color:#262626}.elementor-social-icon-jsfiddle{background-color:#487aa2}.elementor-social-icon-link{background-color:#818a91}.elementor-social-icon-linkedin,.elementor-social-icon-linkedin-in{background-color:#0077b5}.elementor-social-icon-medium{background-color:#00ab6b}.elementor-social-icon-meetup{background-color:#ec1c40}.elementor-social-icon-mixcloud{background-color:#273a4b}.elementor-social-icon-odnoklassniki{background-color:#f4731c}.elementor-social-icon-pinterest{background-color:#bd081c}.elementor-social-icon-product-hunt{background-color:#da552f}.elementor-social-icon-reddit{background-color:#ff4500}.elementor-social-icon-rss{background-color:#f26522}.elementor-social-icon-shopping-cart{background-color:#4caf50}.elementor-social-icon-skype{background-color:#00aff0}.elementor-social-icon-slideshare{background-color:#0077b5}.elementor-social-icon-snapchat{background-color:#fffc00}.elementor-social-icon-soundcloud{background-color:#f80}.elementor-social-icon-spotify{background-color:#2ebd59}.elementor-social-icon-stack-overflow{background-color:#fe7a15}.elementor-social-icon-steam{background-color:#00adee}.elementor-social-icon-stumbleupon{background-color:#eb4924}.elementor-social-icon-telegram{background-color:#2ca5e0}.elementor-social-icon-threads{background-color:#000}.elementor-social-icon-thumb-tack{background-color:#1aa1d8}.elementor-social-icon-tripadvisor{background-color:#589442}.elementor-social-icon-tumblr{background-color:#35465c}.elementor-social-icon-twitch{background-color:#6441a5}.elementor-social-icon-twitter{background-color:#1da1f2}.elementor-social-icon-viber{background-color:#665cac}.elementor-social-icon-vimeo{background-color:#1ab7ea}.elementor-social-icon-vk{background-color:#45668e}.elementor-social-icon-weibo{background-color:#dd2430}.elementor-social-icon-weixin{background-color:#31a918}.elementor-social-icon-whatsapp{background-color:#25d366}.elementor-social-icon-wordpress{background-color:#21759b}.elementor-social-icon-x-twitter{background-color:#000}.elementor-social-icon-xing{background-color:#026466}.elementor-social-icon-yelp{background-color:#af0606}.elementor-social-icon-youtube{background-color:#cd201f}.elementor-social-icon-500px{background-color:#0099e5}.elementor-shape-rounded .elementor-icon.elementor-social-icon{border-radius:10%}.elementor-shape-circle .elementor-icon.elementor-social-icon{border-radius:50%}<\/style>\t\t<div class=\"elementor-social-icons-wrapper elementor-grid\">\n\t\t\t\t\t\t\t<span class=\"elementor-grid-item\">\n\t\t\t\t\t<a class=\"elementor-icon elementor-social-icon elementor-social-icon-facebook elementor-repeater-item-3bf911f\" href=\"https:\/\/www.facebook.com\/profile.php?id=100095046260246\" target=\"_blank\">\n\t\t\t\t\t\t<span class=\"elementor-screen-only\">Facebook<\/span>\n\t\t\t\t\t\t<i class=\"fab fa-facebook\"><\/i>\t\t\t\t\t<\/a>\n\t\t\t\t<\/span>\n\t\t\t\t\t\t\t<span class=\"elementor-grid-item\">\n\t\t\t\t\t<a class=\"elementor-icon elementor-social-icon elementor-social-icon-instagram elementor-repeater-item-88c7ef7\" href=\"https:\/\/www.instagram.com\/lysyibeams\/\" target=\"_blank\">\n\t\t\t\t\t\t<span class=\"elementor-screen-only\">Instagram<\/span>\n\t\t\t\t\t\t<i class=\"fab fa-instagram\"><\/i>\t\t\t\t\t<\/a>\n\t\t\t\t<\/span>\n\t\t\t\t\t\t\t<span class=\"elementor-grid-item\">\n\t\t\t\t\t<a class=\"elementor-icon elementor-social-icon elementor-social-icon-whatsapp elementor-repeater-item-a7db512\" href=\"https:\/\/wa.me\/message\/LBIGOPXJTOTWK1\" target=\"_blank\">\n\t\t\t\t\t\t<span class=\"elementor-screen-only\">Whatsapp<\/span>\n\t\t\t\t\t\t<i class=\"fab fa-whatsapp\"><\/i>\t\t\t\t\t<\/a>\n\t\t\t\t<\/span>\n\t\t\t\t\t<\/div>\n\t\t\t\t<\/div>\n\t\t\t\t<\/div>\n\t\t\t\t\t<\/div>\n\t\t\t\t<\/div>\n\t\t\t\t<\/div>\n\t\t","protected":false},"excerpt":{"rendered":"<p>https:\/\/lysyibeams.pl\/wp-content\/uploads\/2024\/04\/Untitled_low.mp4 Drewniane belki dwuteowe Zalety stosowania drewnianych dwuteownik\u00f3w w budownictwie Drewniane belki dwuteowe, zwane r\u00f3wnie\u017c belkami dwuteowymi lub dwuteownikami, staj\u0105 si\u0119 coraz bardziej popularnym wyborem w budownictwie ze wzgl\u0119du na ich wytrzyma\u0142o\u015b\u0107 i trwa\u0142o\u015b\u0107. Belki te zaprojektowano tak, aby zapewnia\u0142y doskona\u0142\u0105 no\u015bno\u015b\u0107 w por\u00f3wnaniu z tradycyjnym drewnem wymiarowym. Dodatkowo, zapewniaj\u0105 jednolite i stabilne podparcie w &hellip;<\/p>\n<p class=\"read-more\"> <a class=\"\" href=\"https:\/\/lysyibeams.pl\/index.php\/dokumentacja-i-transport\/\"> <span class=\"screen-reader-text\">Nasz produkt<\/span> Read More &raquo;<\/a><\/p>\n","protected":false},"author":1,"featured_media":0,"parent":0,"menu_order":0,"comment_status":"closed","ping_status":"closed","template":"","meta":{"site-sidebar-layout":"no-sidebar","site-content-layout":"page-builder","ast-global-header-display":"","ast-banner-title-visibility":"","ast-main-header-display":"","ast-hfb-above-header-display":"","ast-hfb-below-header-display":"","ast-hfb-mobile-header-display":"","site-post-title":"disabled","ast-breadcrumbs-content":"","ast-featured-img":"disabled","footer-sml-layout":"","theme-transparent-header-meta":"","adv-header-id-meta":"","stick-header-meta":"","header-above-stick-meta":"","header-main-stick-meta":"","header-below-stick-meta":"","footnotes":""},"class_list":["post-263","page","type-page","status-publish","hentry"],"_links":{"self":[{"href":"https:\/\/lysyibeams.pl\/index.php\/wp-json\/wp\/v2\/pages\/263","targetHints":{"allow":["GET"]}}],"collection":[{"href":"https:\/\/lysyibeams.pl\/index.php\/wp-json\/wp\/v2\/pages"}],"about":[{"href":"https:\/\/lysyibeams.pl\/index.php\/wp-json\/wp\/v2\/types\/page"}],"author":[{"embeddable":true,"href":"https:\/\/lysyibeams.pl\/index.php\/wp-json\/wp\/v2\/users\/1"}],"replies":[{"embeddable":true,"href":"https:\/\/lysyibeams.pl\/index.php\/wp-json\/wp\/v2\/comments?post=263"}],"version-history":[{"count":84,"href":"https:\/\/lysyibeams.pl\/index.php\/wp-json\/wp\/v2\/pages\/263\/revisions"}],"predecessor-version":[{"id":1110,"href":"https:\/\/lysyibeams.pl\/index.php\/wp-json\/wp\/v2\/pages\/263\/revisions\/1110"}],"wp:attachment":[{"href":"https:\/\/lysyibeams.pl\/index.php\/wp-json\/wp\/v2\/media?parent=263"}],"curies":[{"name":"wp","href":"https:\/\/api.w.org\/{rel}","templated":true}]}}