{"id":147,"date":"2023-06-10T17:22:10","date_gmt":"2023-06-10T17:22:10","guid":{"rendered":"https:\/\/lysyibeams.pl\/?page_id=147"},"modified":"2024-06-14T10:07:34","modified_gmt":"2024-06-14T08:07:34","slug":"rodzaje-belek","status":"publish","type":"page","link":"https:\/\/lysyibeams.pl\/index.php\/rodzaje-belek\/","title":{"rendered":"Rodzaje belek i cennik"},"content":{"rendered":"\t\t<div data-elementor-type=\"wp-page\" data-elementor-id=\"147\" class=\"elementor elementor-147\" data-elementor-post-type=\"page\">\n\t\t\t\t<div class=\"elementor-element elementor-element-4e19ac2 e-flex e-con-boxed e-con e-parent\" data-id=\"4e19ac2\" data-element_type=\"container\">\n\t\t\t\t\t<div class=\"e-con-inner\">\n\t\t\t\t\t<\/div>\n\t\t\t\t<\/div>\n\t\t<div class=\"elementor-element elementor-element-dcfd498 e-flex e-con-boxed e-con e-parent\" data-id=\"dcfd498\" data-element_type=\"container\">\n\t\t\t\t\t<div class=\"e-con-inner\">\n\t\t\t\t<div class=\"elementor-element elementor-element-fd26f08 elementor-widget elementor-widget-heading\" data-id=\"fd26f08\" data-element_type=\"widget\" data-widget_type=\"heading.default\">\n\t\t\t\t<div class=\"elementor-widget-container\">\n\t\t\t<style>\/*! elementor - v3.21.0 - 30-04-2024 *\/\n.elementor-heading-title{padding:0;margin:0;line-height:1}.elementor-widget-heading .elementor-heading-title[class*=elementor-size-]>a{color:inherit;font-size:inherit;line-height:inherit}.elementor-widget-heading .elementor-heading-title.elementor-size-small{font-size:15px}.elementor-widget-heading .elementor-heading-title.elementor-size-medium{font-size:19px}.elementor-widget-heading .elementor-heading-title.elementor-size-large{font-size:29px}.elementor-widget-heading .elementor-heading-title.elementor-size-xl{font-size:39px}.elementor-widget-heading .elementor-heading-title.elementor-size-xxl{font-size:59px}<\/style><h2 class=\"elementor-heading-title elementor-size-default\">CENNIK BELEK I-BEAMS<\/h2>\t\t<\/div>\n\t\t\t\t<\/div>\n\t\t\t\t<div class=\"elementor-element elementor-element-3fb3a32 elementor-widget elementor-widget-image\" data-id=\"3fb3a32\" data-element_type=\"widget\" data-widget_type=\"image.default\">\n\t\t\t\t<div class=\"elementor-widget-container\">\n\t\t\t<style>\/*! elementor - v3.21.0 - 30-04-2024 *\/\n.elementor-widget-image{text-align:center}.elementor-widget-image a{display:inline-block}.elementor-widget-image a img[src$=\".svg\"]{width:48px}.elementor-widget-image img{vertical-align:middle;display:inline-block}<\/style>\t\t\t\t\t\t\t\t\t\t\t<a href=\"https:\/\/lysyibeams.pl\/wp-content\/uploads\/2024\/06\/CennikV2-scaled.jpg\" data-elementor-open-lightbox=\"yes\" data-elementor-lightbox-title=\"CennikV2\" data-e-action-hash=\"#elementor-action%3Aaction%3Dlightbox%26settings%3DeyJpZCI6MTEyMSwidXJsIjoiaHR0cHM6XC9cL2x5c3lpYmVhbXMucGxcL3dwLWNvbnRlbnRcL3VwbG9hZHNcLzIwMjRcLzA2XC9DZW5uaWtWMi1zY2FsZWQuanBnIn0%3D\">\n\t\t\t\t\t\t\t<img fetchpriority=\"high\" decoding=\"async\" width=\"1701\" height=\"2560\" src=\"https:\/\/lysyibeams.pl\/wp-content\/uploads\/2024\/06\/CennikV2-scaled.jpg\" class=\"attachment-full size-full wp-image-1121\" alt=\"\" srcset=\"https:\/\/lysyibeams.pl\/wp-content\/uploads\/2024\/06\/CennikV2-scaled.jpg 1701w, https:\/\/lysyibeams.pl\/wp-content\/uploads\/2024\/06\/CennikV2-199x300.jpg 199w, https:\/\/lysyibeams.pl\/wp-content\/uploads\/2024\/06\/CennikV2-680x1024.jpg 680w, https:\/\/lysyibeams.pl\/wp-content\/uploads\/2024\/06\/CennikV2-768x1156.jpg 768w, https:\/\/lysyibeams.pl\/wp-content\/uploads\/2024\/06\/CennikV2-1020x1536.jpg 1020w, https:\/\/lysyibeams.pl\/wp-content\/uploads\/2024\/06\/CennikV2-1360x2048.jpg 1360w\" sizes=\"(max-width: 1701px) 100vw, 1701px\" \/>\t\t\t\t\t\t\t\t<\/a>\n\t\t\t\t\t\t\t\t\t\t\t\t\t<\/div>\n\t\t\t\t<\/div>\n\t\t\t\t<div class=\"elementor-element elementor-element-af6d406 elementor-align-center elementor-widget elementor-widget-button\" data-id=\"af6d406\" data-element_type=\"widget\" data-widget_type=\"button.default\">\n\t\t\t\t<div class=\"elementor-widget-container\">\n\t\t\t\t\t<div class=\"elementor-button-wrapper\">\n\t\t\t<a class=\"elementor-button elementor-button-link elementor-size-sm\" href=\"https:\/\/lysyibeams.pl\/wp-content\/uploads\/2024\/05\/CennikV2_.pdf\">\n\t\t\t\t\t\t<span class=\"elementor-button-content-wrapper\">\n\t\t\t\t\t\t\t\t\t<span class=\"elementor-button-text\">Pobierz cennik<\/span>\n\t\t\t\t\t<\/span>\n\t\t\t\t\t<\/a>\n\t\t<\/div>\n\t\t\t\t<\/div>\n\t\t\t\t<\/div>\n\t\t<div class=\"elementor-element elementor-element-013c0e7 e-flex e-con-boxed e-con e-child\" data-id=\"013c0e7\" data-element_type=\"container\">\n\t\t\t\t\t<div class=\"e-con-inner\">\n\t\t\t\t<div class=\"elementor-element elementor-element-9d3e7f3 elementor-widget elementor-widget-heading\" data-id=\"9d3e7f3\" data-element_type=\"widget\" data-widget_type=\"heading.default\">\n\t\t\t\t<div class=\"elementor-widget-container\">\n\t\t\t<h2 class=\"elementor-heading-title elementor-size-default\">PROSIMY O POTWIERDZANIE CEN TELEFONICZNIE LUB MAILOWO!<br>PODANE CENY TO CENY NETTO, NALE\u017bY DOLICZY\u0106 VAT +23%<\/h2>\t\t<\/div>\n\t\t\t\t<\/div>\n\t\t\t\t<div class=\"elementor-element elementor-element-26d34e6 elementor-widget elementor-widget-spacer\" data-id=\"26d34e6\" data-element_type=\"widget\" data-widget_type=\"spacer.default\">\n\t\t\t\t<div class=\"elementor-widget-container\">\n\t\t\t<style>\/*! elementor - v3.21.0 - 30-04-2024 *\/\n.elementor-column .elementor-spacer-inner{height:var(--spacer-size)}.e-con{--container-widget-width:100%}.e-con-inner>.elementor-widget-spacer,.e-con>.elementor-widget-spacer{width:var(--container-widget-width,var(--spacer-size));--align-self:var(--container-widget-align-self,initial);--flex-shrink:0}.e-con-inner>.elementor-widget-spacer>.elementor-widget-container,.e-con>.elementor-widget-spacer>.elementor-widget-container{height:100%;width:100%}.e-con-inner>.elementor-widget-spacer>.elementor-widget-container>.elementor-spacer,.e-con>.elementor-widget-spacer>.elementor-widget-container>.elementor-spacer{height:100%}.e-con-inner>.elementor-widget-spacer>.elementor-widget-container>.elementor-spacer>.elementor-spacer-inner,.e-con>.elementor-widget-spacer>.elementor-widget-container>.elementor-spacer>.elementor-spacer-inner{height:var(--container-widget-height,var(--spacer-size))}.e-con-inner>.elementor-widget-spacer.elementor-widget-empty,.e-con>.elementor-widget-spacer.elementor-widget-empty{position:relative;min-height:22px;min-width:22px}.e-con-inner>.elementor-widget-spacer.elementor-widget-empty .elementor-widget-empty-icon,.e-con>.elementor-widget-spacer.elementor-widget-empty .elementor-widget-empty-icon{position:absolute;top:0;bottom:0;left:0;right:0;margin:auto;padding:0;width:22px;height:22px}<\/style>\t\t<div class=\"elementor-spacer\">\n\t\t\t<div class=\"elementor-spacer-inner\"><\/div>\n\t\t<\/div>\n\t\t\t\t<\/div>\n\t\t\t\t<\/div>\n\t\t\t\t<div class=\"elementor-element elementor-element-455cb9e elementor-widget elementor-widget-heading\" data-id=\"455cb9e\" data-element_type=\"widget\" data-widget_type=\"heading.default\">\n\t\t\t\t<div class=\"elementor-widget-container\">\n\t\t\t<h2 class=\"elementor-heading-title elementor-size-default\">WIELKO\u015aCI NASZYCH BELEK I-BEAMS<\/h2>\t\t<\/div>\n\t\t\t\t<\/div>\n\t\t\t\t<div class=\"elementor-element elementor-element-0d7f7de elementor-widget elementor-widget-image\" data-id=\"0d7f7de\" data-element_type=\"widget\" data-widget_type=\"image.default\">\n\t\t\t\t<div class=\"elementor-widget-container\">\n\t\t\t\t\t\t\t\t\t\t\t\t\t<img decoding=\"async\" width=\"1024\" height=\"613\" src=\"https:\/\/lysyibeams.pl\/wp-content\/uploads\/2024\/04\/wysokosc-1-1024x613.png\" class=\"attachment-large size-large wp-image-775\" alt=\"\" srcset=\"https:\/\/lysyibeams.pl\/wp-content\/uploads\/2024\/04\/wysokosc-1-1024x613.png 1024w, https:\/\/lysyibeams.pl\/wp-content\/uploads\/2024\/04\/wysokosc-1-300x180.png 300w, https:\/\/lysyibeams.pl\/wp-content\/uploads\/2024\/04\/wysokosc-1-768x460.png 768w, https:\/\/lysyibeams.pl\/wp-content\/uploads\/2024\/04\/wysokosc-1-1536x919.png 1536w, https:\/\/lysyibeams.pl\/wp-content\/uploads\/2024\/04\/wysokosc-1-2048x1226.png 2048w\" sizes=\"(max-width: 1024px) 100vw, 1024px\" \/>\t\t\t\t\t\t\t\t\t\t\t\t\t<\/div>\n\t\t\t\t<\/div>\n\t\t\t\t<div class=\"elementor-element elementor-element-79381c4 elementor-widget elementor-widget-image\" data-id=\"79381c4\" data-element_type=\"widget\" data-widget_type=\"image.default\">\n\t\t\t\t<div class=\"elementor-widget-container\">\n\t\t\t\t\t\t\t\t\t\t\t\t\t<img decoding=\"async\" width=\"1024\" height=\"403\" src=\"https:\/\/lysyibeams.pl\/wp-content\/uploads\/2024\/04\/wysokosc-2-1024x403.png\" class=\"attachment-large size-large wp-image-776\" alt=\"\" srcset=\"https:\/\/lysyibeams.pl\/wp-content\/uploads\/2024\/04\/wysokosc-2-1024x403.png 1024w, https:\/\/lysyibeams.pl\/wp-content\/uploads\/2024\/04\/wysokosc-2-300x118.png 300w, https:\/\/lysyibeams.pl\/wp-content\/uploads\/2024\/04\/wysokosc-2-768x302.png 768w, https:\/\/lysyibeams.pl\/wp-content\/uploads\/2024\/04\/wysokosc-2-1536x604.png 1536w, https:\/\/lysyibeams.pl\/wp-content\/uploads\/2024\/04\/wysokosc-2-2048x805.png 2048w\" sizes=\"(max-width: 1024px) 100vw, 1024px\" \/>\t\t\t\t\t\t\t\t\t\t\t\t\t<\/div>\n\t\t\t\t<\/div>\n\t\t\t\t<div class=\"elementor-element elementor-element-661f32f elementor-widget elementor-widget-text-editor\" data-id=\"661f32f\" data-element_type=\"widget\" data-widget_type=\"text-editor.default\">\n\t\t\t\t<div class=\"elementor-widget-container\">\n\t\t\t<style>\/*! elementor - v3.21.0 - 30-04-2024 *\/\n.elementor-widget-text-editor.elementor-drop-cap-view-stacked .elementor-drop-cap{background-color:#69727d;color:#fff}.elementor-widget-text-editor.elementor-drop-cap-view-framed .elementor-drop-cap{color:#69727d;border:3px solid;background-color:transparent}.elementor-widget-text-editor:not(.elementor-drop-cap-view-default) .elementor-drop-cap{margin-top:8px}.elementor-widget-text-editor:not(.elementor-drop-cap-view-default) .elementor-drop-cap-letter{width:1em;height:1em}.elementor-widget-text-editor .elementor-drop-cap{float:left;text-align:center;line-height:1;font-size:50px}.elementor-widget-text-editor .elementor-drop-cap-letter{display:inline-block}<\/style>\t\t\t\t<div>Do produkcji naszych belek u\u017cywamy materia\u0142\u00f3w najwy\u017cszej jako\u015bci.<\/div><div>Materia\u0142 pasa g\u00f3rnego i dolnego (stopki) to szwedzkie drewno C24 certyfikowane.<\/div><div>Wysoko\u015b\u0107 pasa 45mm.<\/div><div>Szeroko\u015bc\u00a0pasa 45mm\u00a0lub 70mm<\/div><div>Materia\u0142 \u015brodnika to wodoodporna p\u0142yta OSB 3 grubo\u015b\u0107i\u00a010mm certyfikowana.<\/div>\t\t\t\t\t\t<\/div>\n\t\t\t\t<\/div>\n\t\t\t\t<div class=\"elementor-element elementor-element-d820ef9 elementor-widget elementor-widget-text-editor\" data-id=\"d820ef9\" data-element_type=\"widget\" data-widget_type=\"text-editor.default\">\n\t\t\t\t<div class=\"elementor-widget-container\">\n\t\t\t\t\t\t\t<div>Belki wykonujemy wed\u0142ug zamowienia\u00a0klienta co ogranicza odpad praktycznie do zera.<\/div><div>Na zam\u00f3wienie wykonujemy otwory techniczne w \u015brodnikach.<\/div><div>Belki wykonujemy do d\u0142ugosci\u00a013m .<\/div><div>Belki d\u0142u\u017csze i w niestandardowych\u00a0wysoko\u015bciach\u00a0na zapytanie.<\/div>\t\t\t\t\t\t<\/div>\n\t\t\t\t<\/div>\n\t\t<div class=\"elementor-element elementor-element-3d9f8d2 e-flex e-con-boxed e-con e-child\" data-id=\"3d9f8d2\" data-element_type=\"container\">\n\t\t\t\t\t<div class=\"e-con-inner\">\n\t\t\t\t<div class=\"elementor-element elementor-element-d0ca084 elementor-widget elementor-widget-text-editor\" data-id=\"d0ca084\" data-element_type=\"widget\" data-widget_type=\"text-editor.default\">\n\t\t\t\t<div class=\"elementor-widget-container\">\n\t\t\t\t\t\t\t<div>Belki wykonujemy na d\u0142ugo\u015bci zam\u00f3wione przez klienta z dok\u0142adno\u015bci\u0105 do 1mm<\/div><div>Nie generujesz odpadu &#8211; <strong>oszcz\u0119dzasz pieni\u0105dze.\u00a0<\/strong><\/div><div><b>Mo\u017cliwy\u00a0transport belek!<\/b><\/div><div>Prosimy o potwierdzanie aktualno\u015bci\u00a0cen na dany dzie\u0144.<\/div>\t\t\t\t\t\t<\/div>\n\t\t\t\t<\/div>\n\t\t\t\t\t<\/div>\n\t\t\t\t<\/div>\n\t\t\t\t\t<\/div>\n\t\t\t\t<\/div>\n\t\t\t\t<div class=\"elementor-element elementor-element-0ce4bf9 elementor-shape-circle e-grid-align-mobile-center elementor-grid-0 e-grid-align-center elementor-widget elementor-widget-social-icons\" data-id=\"0ce4bf9\" data-element_type=\"widget\" data-widget_type=\"social-icons.default\">\n\t\t\t\t<div class=\"elementor-widget-container\">\n\t\t\t<style>\/*! elementor - v3.21.0 - 30-04-2024 *\/\n.elementor-widget-social-icons.elementor-grid-0 .elementor-widget-container,.elementor-widget-social-icons.elementor-grid-mobile-0 .elementor-widget-container,.elementor-widget-social-icons.elementor-grid-tablet-0 .elementor-widget-container{line-height:1;font-size:0}.elementor-widget-social-icons:not(.elementor-grid-0):not(.elementor-grid-tablet-0):not(.elementor-grid-mobile-0) .elementor-grid{display:inline-grid}.elementor-widget-social-icons .elementor-grid{grid-column-gap:var(--grid-column-gap,5px);grid-row-gap:var(--grid-row-gap,5px);grid-template-columns:var(--grid-template-columns);justify-content:var(--justify-content,center);justify-items:var(--justify-content,center)}.elementor-icon.elementor-social-icon{font-size:var(--icon-size,25px);line-height:var(--icon-size,25px);width:calc(var(--icon-size, 25px) + 2 * var(--icon-padding, .5em));height:calc(var(--icon-size, 25px) + 2 * var(--icon-padding, .5em))}.elementor-social-icon{--e-social-icon-icon-color:#fff;display:inline-flex;background-color:#69727d;align-items:center;justify-content:center;text-align:center;cursor:pointer}.elementor-social-icon i{color:var(--e-social-icon-icon-color)}.elementor-social-icon svg{fill:var(--e-social-icon-icon-color)}.elementor-social-icon:last-child{margin:0}.elementor-social-icon:hover{opacity:.9;color:#fff}.elementor-social-icon-android{background-color:#a4c639}.elementor-social-icon-apple{background-color:#999}.elementor-social-icon-behance{background-color:#1769ff}.elementor-social-icon-bitbucket{background-color:#205081}.elementor-social-icon-codepen{background-color:#000}.elementor-social-icon-delicious{background-color:#39f}.elementor-social-icon-deviantart{background-color:#05cc47}.elementor-social-icon-digg{background-color:#005be2}.elementor-social-icon-dribbble{background-color:#ea4c89}.elementor-social-icon-elementor{background-color:#d30c5c}.elementor-social-icon-envelope{background-color:#ea4335}.elementor-social-icon-facebook,.elementor-social-icon-facebook-f{background-color:#3b5998}.elementor-social-icon-flickr{background-color:#0063dc}.elementor-social-icon-foursquare{background-color:#2d5be3}.elementor-social-icon-free-code-camp,.elementor-social-icon-freecodecamp{background-color:#006400}.elementor-social-icon-github{background-color:#333}.elementor-social-icon-gitlab{background-color:#e24329}.elementor-social-icon-globe{background-color:#69727d}.elementor-social-icon-google-plus,.elementor-social-icon-google-plus-g{background-color:#dd4b39}.elementor-social-icon-houzz{background-color:#7ac142}.elementor-social-icon-instagram{background-color:#262626}.elementor-social-icon-jsfiddle{background-color:#487aa2}.elementor-social-icon-link{background-color:#818a91}.elementor-social-icon-linkedin,.elementor-social-icon-linkedin-in{background-color:#0077b5}.elementor-social-icon-medium{background-color:#00ab6b}.elementor-social-icon-meetup{background-color:#ec1c40}.elementor-social-icon-mixcloud{background-color:#273a4b}.elementor-social-icon-odnoklassniki{background-color:#f4731c}.elementor-social-icon-pinterest{background-color:#bd081c}.elementor-social-icon-product-hunt{background-color:#da552f}.elementor-social-icon-reddit{background-color:#ff4500}.elementor-social-icon-rss{background-color:#f26522}.elementor-social-icon-shopping-cart{background-color:#4caf50}.elementor-social-icon-skype{background-color:#00aff0}.elementor-social-icon-slideshare{background-color:#0077b5}.elementor-social-icon-snapchat{background-color:#fffc00}.elementor-social-icon-soundcloud{background-color:#f80}.elementor-social-icon-spotify{background-color:#2ebd59}.elementor-social-icon-stack-overflow{background-color:#fe7a15}.elementor-social-icon-steam{background-color:#00adee}.elementor-social-icon-stumbleupon{background-color:#eb4924}.elementor-social-icon-telegram{background-color:#2ca5e0}.elementor-social-icon-threads{background-color:#000}.elementor-social-icon-thumb-tack{background-color:#1aa1d8}.elementor-social-icon-tripadvisor{background-color:#589442}.elementor-social-icon-tumblr{background-color:#35465c}.elementor-social-icon-twitch{background-color:#6441a5}.elementor-social-icon-twitter{background-color:#1da1f2}.elementor-social-icon-viber{background-color:#665cac}.elementor-social-icon-vimeo{background-color:#1ab7ea}.elementor-social-icon-vk{background-color:#45668e}.elementor-social-icon-weibo{background-color:#dd2430}.elementor-social-icon-weixin{background-color:#31a918}.elementor-social-icon-whatsapp{background-color:#25d366}.elementor-social-icon-wordpress{background-color:#21759b}.elementor-social-icon-x-twitter{background-color:#000}.elementor-social-icon-xing{background-color:#026466}.elementor-social-icon-yelp{background-color:#af0606}.elementor-social-icon-youtube{background-color:#cd201f}.elementor-social-icon-500px{background-color:#0099e5}.elementor-shape-rounded .elementor-icon.elementor-social-icon{border-radius:10%}.elementor-shape-circle .elementor-icon.elementor-social-icon{border-radius:50%}<\/style>\t\t<div class=\"elementor-social-icons-wrapper elementor-grid\">\n\t\t\t\t\t\t\t<span class=\"elementor-grid-item\">\n\t\t\t\t\t<a class=\"elementor-icon elementor-social-icon elementor-social-icon-facebook elementor-repeater-item-3bf911f\" href=\"https:\/\/www.facebook.com\/profile.php?id=100095046260246\" target=\"_blank\">\n\t\t\t\t\t\t<span class=\"elementor-screen-only\">Facebook<\/span>\n\t\t\t\t\t\t<i class=\"fab fa-facebook\"><\/i>\t\t\t\t\t<\/a>\n\t\t\t\t<\/span>\n\t\t\t\t\t\t\t<span class=\"elementor-grid-item\">\n\t\t\t\t\t<a class=\"elementor-icon elementor-social-icon elementor-social-icon-instagram elementor-repeater-item-88c7ef7\" href=\"https:\/\/www.instagram.com\/lysyibeams\/\" target=\"_blank\">\n\t\t\t\t\t\t<span class=\"elementor-screen-only\">Instagram<\/span>\n\t\t\t\t\t\t<i class=\"fab fa-instagram\"><\/i>\t\t\t\t\t<\/a>\n\t\t\t\t<\/span>\n\t\t\t\t\t\t\t<span class=\"elementor-grid-item\">\n\t\t\t\t\t<a class=\"elementor-icon elementor-social-icon elementor-social-icon-whatsapp elementor-repeater-item-a7db512\" href=\"https:\/\/wa.me\/message\/LBIGOPXJTOTWK1\" target=\"_blank\">\n\t\t\t\t\t\t<span class=\"elementor-screen-only\">Whatsapp<\/span>\n\t\t\t\t\t\t<i class=\"fab fa-whatsapp\"><\/i>\t\t\t\t\t<\/a>\n\t\t\t\t<\/span>\n\t\t\t\t\t<\/div>\n\t\t\t\t<\/div>\n\t\t\t\t<\/div>\n\t\t\t\t\t<\/div>\n\t\t\t\t<\/div>\n\t\t\t\t<\/div>\n\t\t","protected":false},"excerpt":{"rendered":"<p>CENNIK BELEK I-BEAMS Pobierz cennik PROSIMY O POTWIERDZANIE CEN TELEFONICZNIE LUB MAILOWO!PODANE CENY TO CENY NETTO, NALE\u017bY DOLICZY\u0106 VAT +23% WIELKO\u015aCI NASZYCH BELEK I-BEAMS Do produkcji naszych belek u\u017cywamy materia\u0142\u00f3w najwy\u017cszej jako\u015bci.Materia\u0142 pasa g\u00f3rnego i dolnego (stopki) to szwedzkie drewno C24 certyfikowane.Wysoko\u015b\u0107 pasa 45mm.Szeroko\u015bc\u00a0pasa 45mm\u00a0lub 70mmMateria\u0142 \u015brodnika to wodoodporna p\u0142yta OSB 3 grubo\u015b\u0107i\u00a010mm certyfikowana.Belki wykonujemy &hellip;<\/p>\n<p class=\"read-more\"> <a class=\"\" href=\"https:\/\/lysyibeams.pl\/index.php\/rodzaje-belek\/\"> <span class=\"screen-reader-text\">Rodzaje belek i cennik<\/span> Read More &raquo;<\/a><\/p>\n","protected":false},"author":1,"featured_media":0,"parent":0,"menu_order":0,"comment_status":"closed","ping_status":"closed","template":"","meta":{"site-sidebar-layout":"no-sidebar","site-content-layout":"page-builder","ast-global-header-display":"","ast-banner-title-visibility":"","ast-main-header-display":"","ast-hfb-above-header-display":"","ast-hfb-below-header-display":"","ast-hfb-mobile-header-display":"","site-post-title":"disabled","ast-breadcrumbs-content":"","ast-featured-img":"disabled","footer-sml-layout":"","theme-transparent-header-meta":"","adv-header-id-meta":"","stick-header-meta":"","header-above-stick-meta":"","header-main-stick-meta":"","header-below-stick-meta":"","footnotes":""},"class_list":["post-147","page","type-page","status-publish","hentry"],"_links":{"self":[{"href":"https:\/\/lysyibeams.pl\/index.php\/wp-json\/wp\/v2\/pages\/147","targetHints":{"allow":["GET"]}}],"collection":[{"href":"https:\/\/lysyibeams.pl\/index.php\/wp-json\/wp\/v2\/pages"}],"about":[{"href":"https:\/\/lysyibeams.pl\/index.php\/wp-json\/wp\/v2\/types\/page"}],"author":[{"embeddable":true,"href":"https:\/\/lysyibeams.pl\/index.php\/wp-json\/wp\/v2\/users\/1"}],"replies":[{"embeddable":true,"href":"https:\/\/lysyibeams.pl\/index.php\/wp-json\/wp\/v2\/comments?post=147"}],"version-history":[{"count":101,"href":"https:\/\/lysyibeams.pl\/index.php\/wp-json\/wp\/v2\/pages\/147\/revisions"}],"predecessor-version":[{"id":1124,"href":"https:\/\/lysyibeams.pl\/index.php\/wp-json\/wp\/v2\/pages\/147\/revisions\/1124"}],"wp:attachment":[{"href":"https:\/\/lysyibeams.pl\/index.php\/wp-json\/wp\/v2\/media?parent=147"}],"curies":[{"name":"wp","href":"https:\/\/api.w.org\/{rel}","templated":true}]}}